{"id":14,"date":"2014-05-01T13:41:53","date_gmt":"2014-05-01T16:41:53","guid":{"rendered":"http:\/\/silviaoliveira.art.br\/wp\/?page_id=14"},"modified":"2021-09-12T23:21:31","modified_gmt":"2021-09-13T02:21:31","slug":"silva-artes","status":"publish","type":"page","link":"https:\/\/silviaoliveira.art.br\/?page_id=14","title":{"rendered":"Sobre Silva oliveira Artes"},"content":{"rendered":"\n<p class=\"has-medium-font-size\"><strong>Artes em Tecido<\/strong><\/p>\n\n\n\n<p>Neste website voc\u00ea encontrar\u00e1 informa\u00e7\u00f5es sobre os \u00faltimos projetos e dicas para confec\u00e7\u00e3o de trabalhos art\u00edsticos, especialmente as bonecas de pano.<\/p>\n\n\n\n<p>Voc\u00ea tamb\u00e9m poder\u00e1 comprar lindas e delicadas bonecas de pano produzidas artesenalmanete com muito amor e carinho!<\/p>\n\n\n\n<p class=\"has-text-align-center\">&nbsp;<\/p>\n\n\n\n<div class=\"wp-block-image\"><figure class=\"aligncenter\"><a href=\"https:\/\/silviaoliveira.art.br\/wp\/wp-content\/uploads\/2014\/06\/20140528_0117-Boneca-Africana-I-silvia-artes.com_.br_.jpg\"><img loading=\"lazy\" decoding=\"async\" width=\"127\" height=\"300\" src=\"https:\/\/silviaoliveira.art.br\/wp-content\/uploads\/2014\/06\/20140528_0117-Boneca-Africana-I-silvia-artes.com_.br_-127x300.jpg\" alt=\"Boneca Africana \" class=\"wp-image-398\" srcset=\"https:\/\/silviaoliveira.art.br\/wp-content\/uploads\/2014\/06\/20140528_0117-Boneca-Africana-I-silvia-artes.com_.br_-127x300.jpg 127w, https:\/\/silviaoliveira.art.br\/wp-content\/uploads\/2014\/06\/20140528_0117-Boneca-Africana-I-silvia-artes.com_.br_-scaled-980x2306.jpg 980w, https:\/\/silviaoliveira.art.br\/wp-content\/uploads\/2014\/06\/20140528_0117-Boneca-Africana-I-silvia-artes.com_.br_-435x1024.jpg 435w, https:\/\/silviaoliveira.art.br\/wp-content\/uploads\/2014\/06\/20140528_0117-Boneca-Africana-I-silvia-artes.com_.br_-scaled.jpg 1088w\" sizes=\"(max-width: 127px) 100vw, 127px\" \/><\/a><figcaption>Boneca Africana<\/figcaption><\/figure><\/div>\n\n\n\n<p><\/p>\n","protected":false},"excerpt":{"rendered":"<p>Artes em Tecido Neste website voc\u00ea encontrar\u00e1 informa\u00e7\u00f5es sobre os \u00faltimos projetos e dicas para confec\u00e7\u00e3o de trabalhos art\u00edsticos, especialmente as bonecas de pano. Voc\u00ea tamb\u00e9m poder\u00e1 comprar lindas e delicadas bonecas de pano produzidas artesenalmanete com muito amor e carinho! &nbsp;<\/p>\n","protected":false},"author":1,"featured_media":0,"parent":0,"menu_order":0,"comment_status":"closed","ping_status":"open","template":"","meta":{"footnotes":""},"_links":{"self":[{"href":"https:\/\/silviaoliveira.art.br\/index.php?rest_route=\/wp\/v2\/pages\/14"}],"collection":[{"href":"https:\/\/silviaoliveira.art.br\/index.php?rest_route=\/wp\/v2\/pages"}],"about":[{"href":"https:\/\/silviaoliveira.art.br\/index.php?rest_route=\/wp\/v2\/types\/page"}],"author":[{"embeddable":true,"href":"https:\/\/silviaoliveira.art.br\/index.php?rest_route=\/wp\/v2\/users\/1"}],"replies":[{"embeddable":true,"href":"https:\/\/silviaoliveira.art.br\/index.php?rest_route=%2Fwp%2Fv2%2Fcomments&post=14"}],"version-history":[{"count":10,"href":"https:\/\/silviaoliveira.art.br\/index.php?rest_route=\/wp\/v2\/pages\/14\/revisions"}],"predecessor-version":[{"id":1732,"href":"https:\/\/silviaoliveira.art.br\/index.php?rest_route=\/wp\/v2\/pages\/14\/revisions\/1732"}],"wp:attachment":[{"href":"https:\/\/silviaoliveira.art.br\/index.php?rest_route=%2Fwp%2Fv2%2Fmedia&parent=14"}],"curies":[{"name":"wp","href":"https:\/\/api.w.org\/{rel}","templated":true}]}}