{"id":1690,"date":"2021-08-22T20:41:14","date_gmt":"2021-08-22T23:41:14","guid":{"rendered":"https:\/\/silviaoliveira.art.br\/?post_type=product&#038;p=1690"},"modified":"2021-12-19T10:38:29","modified_gmt":"2021-12-19T13:38:29","slug":"bruxa-margozinha","status":"publish","type":"product","link":"https:\/\/silviaoliveira.art.br\/?product=bruxa-margozinha","title":{"rendered":"Bruxa Margozinha"},"content":{"rendered":"<h1>Bruxa Margozinha<\/h1>\n<ul>\n<li>Boneca toda em tecido.<\/li>\n<li>Dimens\u00e3o:\u00a0 aproximadamente 45cm de altura.<\/li>\n<li>Esta pe\u00e7a n\u00e3o fica em p\u00e9.<\/li>\n<li>Pe\u00e7a Pronta.<\/li>\n<li>Por ser um produto Artesanal pode ter pequenas altera\u00e7\u00f5es em rela\u00e7\u00e3o \u00e0 foto.<\/li>\n<li>Prazo de Entrega: 15 dias<\/li>\n<\/ul>\n<p>&nbsp;<\/p>\n","protected":false},"excerpt":{"rendered":"<p>Bruxa Margozinha Boneca toda em tecido. Dimens\u00e3o:\u00a0 aproximadamente 45cm de altura. Esta pe\u00e7a n\u00e3o fica em p\u00e9. Pe\u00e7a Pronta. Por ser um produto Artesanal pode ter pequenas altera\u00e7\u00f5es em rela\u00e7\u00e3o \u00e0 foto. Prazo de Entrega: 15 dias &nbsp;<\/p>\n","protected":false},"featured_media":1713,"comment_status":"open","ping_status":"closed","template":"","meta":[],"product_cat":[103],"product_tag":[],"_links":{"self":[{"href":"https:\/\/silviaoliveira.art.br\/index.php?rest_route=\/wp\/v2\/product\/1690"}],"collection":[{"href":"https:\/\/silviaoliveira.art.br\/index.php?rest_route=\/wp\/v2\/product"}],"about":[{"href":"https:\/\/silviaoliveira.art.br\/index.php?rest_route=\/wp\/v2\/types\/product"}],"replies":[{"embeddable":true,"href":"https:\/\/silviaoliveira.art.br\/index.php?rest_route=%2Fwp%2Fv2%2Fcomments&post=1690"}],"wp:featuredmedia":[{"embeddable":true,"href":"https:\/\/silviaoliveira.art.br\/index.php?rest_route=\/wp\/v2\/media\/1713"}],"wp:attachment":[{"href":"https:\/\/silviaoliveira.art.br\/index.php?rest_route=%2Fwp%2Fv2%2Fmedia&parent=1690"}],"wp:term":[{"taxonomy":"product_cat","embeddable":true,"href":"https:\/\/silviaoliveira.art.br\/index.php?rest_route=%2Fwp%2Fv2%2Fproduct_cat&post=1690"},{"taxonomy":"product_tag","embeddable":true,"href":"https:\/\/silviaoliveira.art.br\/index.php?rest_route=%2Fwp%2Fv2%2Fproduct_tag&post=1690"}],"curies":[{"name":"wp","href":"https:\/\/api.w.org\/{rel}","templated":true}]}}