{"id":1697,"date":"2021-08-22T21:28:02","date_gmt":"2021-08-23T00:28:02","guid":{"rendered":"https:\/\/silviaoliveira.art.br\/?post_type=product&#038;p=1697"},"modified":"2021-12-19T10:38:38","modified_gmt":"2021-12-19T13:38:38","slug":"1697","status":"publish","type":"product","link":"https:\/\/silviaoliveira.art.br\/?product=1697","title":{"rendered":"Bruxa Endhora e sua ursinha"},"content":{"rendered":"<h1>BRUXA Endhora<\/h1>\n<ul>\n<li>Boneca toda em tecido.<\/li>\n<li>Dimens\u00e3o:\u00a0 aproximadamente 50cm de altura.<\/li>\n<li>Esta pe\u00e7a fica em p\u00e9.<\/li>\n<li>Pe\u00e7a Pronta.<\/li>\n<li>Por ser um produto Artesanal pode ter pequenas altera\u00e7\u00f5es em rela\u00e7\u00e3o \u00e0 foto.<\/li>\n<li>Prazo de Entrega: 15 dias<\/li>\n<\/ul>\n<p>&nbsp;<\/p>\n","protected":false},"excerpt":{"rendered":"<p>BRUXA Endhora Boneca toda em tecido. Dimens\u00e3o:\u00a0 aproximadamente 50cm de altura. Esta pe\u00e7a fica em p\u00e9. Pe\u00e7a Pronta. Por ser um produto Artesanal pode ter pequenas altera\u00e7\u00f5es em rela\u00e7\u00e3o \u00e0 foto. Prazo de Entrega: 15 dias &nbsp;<\/p>\n","protected":false},"featured_media":1710,"comment_status":"open","ping_status":"closed","template":"","meta":[],"product_cat":[103],"product_tag":[],"_links":{"self":[{"href":"https:\/\/silviaoliveira.art.br\/index.php?rest_route=\/wp\/v2\/product\/1697"}],"collection":[{"href":"https:\/\/silviaoliveira.art.br\/index.php?rest_route=\/wp\/v2\/product"}],"about":[{"href":"https:\/\/silviaoliveira.art.br\/index.php?rest_route=\/wp\/v2\/types\/product"}],"replies":[{"embeddable":true,"href":"https:\/\/silviaoliveira.art.br\/index.php?rest_route=%2Fwp%2Fv2%2Fcomments&post=1697"}],"wp:featuredmedia":[{"embeddable":true,"href":"https:\/\/silviaoliveira.art.br\/index.php?rest_route=\/wp\/v2\/media\/1710"}],"wp:attachment":[{"href":"https:\/\/silviaoliveira.art.br\/index.php?rest_route=%2Fwp%2Fv2%2Fmedia&parent=1697"}],"wp:term":[{"taxonomy":"product_cat","embeddable":true,"href":"https:\/\/silviaoliveira.art.br\/index.php?rest_route=%2Fwp%2Fv2%2Fproduct_cat&post=1697"},{"taxonomy":"product_tag","embeddable":true,"href":"https:\/\/silviaoliveira.art.br\/index.php?rest_route=%2Fwp%2Fv2%2Fproduct_tag&post=1697"}],"curies":[{"name":"wp","href":"https:\/\/api.w.org\/{rel}","templated":true}]}}