{"id":1750,"date":"2021-10-24T12:21:53","date_gmt":"2021-10-24T15:21:53","guid":{"rendered":"https:\/\/silviaoliveira.art.br\/?post_type=product&#038;p=1750"},"modified":"2021-12-19T10:38:10","modified_gmt":"2021-12-19T13:38:10","slug":"trio-de-bruxinhas-peso-de-porta","status":"publish","type":"product","link":"https:\/\/silviaoliveira.art.br\/?product=trio-de-bruxinhas-peso-de-porta","title":{"rendered":"Trio de Bruxinhas Peso de Porta"},"content":{"rendered":"","protected":false},"excerpt":{"rendered":"<p>Trio de Bruxinhas Peso de porta.<\/p>\n<p>Feito em Microsoft, algod\u00e3o cru e l\u00e3 cardada nos cabelos, uma otima pe\u00e7a para enfeitar sua casa.<\/p>\n<p><strong>Os tecidos podem ter altera\u00e7\u00f5es nos patr\u00f5es e cores, dependendo do estoque do fabricante ou distribuidor mas seguir\u00e1 com o mesmo tom, podendo mudar conforme o pedido.<\/strong><\/p>\n","protected":false},"featured_media":1752,"comment_status":"closed","ping_status":"closed","template":"","meta":[],"product_cat":[103],"product_tag":[],"_links":{"self":[{"href":"https:\/\/silviaoliveira.art.br\/index.php?rest_route=\/wp\/v2\/product\/1750"}],"collection":[{"href":"https:\/\/silviaoliveira.art.br\/index.php?rest_route=\/wp\/v2\/product"}],"about":[{"href":"https:\/\/silviaoliveira.art.br\/index.php?rest_route=\/wp\/v2\/types\/product"}],"replies":[{"embeddable":true,"href":"https:\/\/silviaoliveira.art.br\/index.php?rest_route=%2Fwp%2Fv2%2Fcomments&post=1750"}],"wp:featuredmedia":[{"embeddable":true,"href":"https:\/\/silviaoliveira.art.br\/index.php?rest_route=\/wp\/v2\/media\/1752"}],"wp:attachment":[{"href":"https:\/\/silviaoliveira.art.br\/index.php?rest_route=%2Fwp%2Fv2%2Fmedia&parent=1750"}],"wp:term":[{"taxonomy":"product_cat","embeddable":true,"href":"https:\/\/silviaoliveira.art.br\/index.php?rest_route=%2Fwp%2Fv2%2Fproduct_cat&post=1750"},{"taxonomy":"product_tag","embeddable":true,"href":"https:\/\/silviaoliveira.art.br\/index.php?rest_route=%2Fwp%2Fv2%2Fproduct_tag&post=1750"}],"curies":[{"name":"wp","href":"https:\/\/api.w.org\/{rel}","templated":true}]}}