{"id":1753,"date":"2021-10-24T12:54:22","date_gmt":"2021-10-24T15:54:22","guid":{"rendered":"https:\/\/silviaoliveira.art.br\/?post_type=product&#038;p=1753"},"modified":"2022-12-08T20:14:22","modified_gmt":"2022-12-08T23:14:22","slug":"casal-noel-lorenzo-e-luiza","status":"publish","type":"product","link":"https:\/\/silviaoliveira.art.br\/?product=casal-noel-lorenzo-e-luiza","title":{"rendered":"Casal Noel Lorenzo e Luiza"},"content":{"rendered":"","protected":false},"excerpt":{"rendered":"<p>Todo feito em Algod\u00e3o incluindo a barba e os cabelos, com detalhes que encantam, perfeito para enfeitar sua casa no natal ou dar de presente<\/p>\n<p>Altura aproximadamente mais de 50cm<\/p>\n<p>Os tecidos podem ter altera\u00e7\u00f5es nos patr\u00f5es e cores, dependendo do estoque do fabricante ou distribuidor mas seguir\u00e1 com o mesmo tom, podendo mudar conforme o pedido.<\/p>\n","protected":false},"featured_media":1754,"comment_status":"closed","ping_status":"closed","template":"","meta":[],"product_cat":[33,104],"product_tag":[],"_links":{"self":[{"href":"https:\/\/silviaoliveira.art.br\/index.php?rest_route=\/wp\/v2\/product\/1753"}],"collection":[{"href":"https:\/\/silviaoliveira.art.br\/index.php?rest_route=\/wp\/v2\/product"}],"about":[{"href":"https:\/\/silviaoliveira.art.br\/index.php?rest_route=\/wp\/v2\/types\/product"}],"replies":[{"embeddable":true,"href":"https:\/\/silviaoliveira.art.br\/index.php?rest_route=%2Fwp%2Fv2%2Fcomments&post=1753"}],"wp:featuredmedia":[{"embeddable":true,"href":"https:\/\/silviaoliveira.art.br\/index.php?rest_route=\/wp\/v2\/media\/1754"}],"wp:attachment":[{"href":"https:\/\/silviaoliveira.art.br\/index.php?rest_route=%2Fwp%2Fv2%2Fmedia&parent=1753"}],"wp:term":[{"taxonomy":"product_cat","embeddable":true,"href":"https:\/\/silviaoliveira.art.br\/index.php?rest_route=%2Fwp%2Fv2%2Fproduct_cat&post=1753"},{"taxonomy":"product_tag","embeddable":true,"href":"https:\/\/silviaoliveira.art.br\/index.php?rest_route=%2Fwp%2Fv2%2Fproduct_tag&post=1753"}],"curies":[{"name":"wp","href":"https:\/\/api.w.org\/{rel}","templated":true}]}}