{"id":1759,"date":"2021-10-24T13:09:02","date_gmt":"2021-10-24T16:09:02","guid":{"rendered":"https:\/\/silviaoliveira.art.br\/?post_type=product&#038;p=1759"},"modified":"2022-12-08T20:16:44","modified_gmt":"2022-12-08T23:16:44","slug":"boneca-ginger-cindy","status":"publish","type":"product","link":"https:\/\/silviaoliveira.art.br\/?product=boneca-ginger-cindy","title":{"rendered":"Boneca Gingerbread Cindy"},"content":{"rendered":"","protected":false},"excerpt":{"rendered":"<p>Boneca Gingerbread, toda em tecido e Boina em microsoft, lindo avental em Bordado ingl\u00eas<\/p>\n<p>Medi aproximadamente 60cm<\/p>\n<p>Os tecidos podem ter altera\u00e7\u00f5es nos patr\u00f5es e cores, dependendo do estoque do fabricante ou distribuidor mas seguir\u00e1 com o mesmo tom, podendo mudar conforme o pedido.<\/p>\n","protected":false},"featured_media":1760,"comment_status":"closed","ping_status":"closed","template":"","meta":[],"product_cat":[33,104],"product_tag":[111],"_links":{"self":[{"href":"https:\/\/silviaoliveira.art.br\/index.php?rest_route=\/wp\/v2\/product\/1759"}],"collection":[{"href":"https:\/\/silviaoliveira.art.br\/index.php?rest_route=\/wp\/v2\/product"}],"about":[{"href":"https:\/\/silviaoliveira.art.br\/index.php?rest_route=\/wp\/v2\/types\/product"}],"replies":[{"embeddable":true,"href":"https:\/\/silviaoliveira.art.br\/index.php?rest_route=%2Fwp%2Fv2%2Fcomments&post=1759"}],"wp:featuredmedia":[{"embeddable":true,"href":"https:\/\/silviaoliveira.art.br\/index.php?rest_route=\/wp\/v2\/media\/1760"}],"wp:attachment":[{"href":"https:\/\/silviaoliveira.art.br\/index.php?rest_route=%2Fwp%2Fv2%2Fmedia&parent=1759"}],"wp:term":[{"taxonomy":"product_cat","embeddable":true,"href":"https:\/\/silviaoliveira.art.br\/index.php?rest_route=%2Fwp%2Fv2%2Fproduct_cat&post=1759"},{"taxonomy":"product_tag","embeddable":true,"href":"https:\/\/silviaoliveira.art.br\/index.php?rest_route=%2Fwp%2Fv2%2Fproduct_tag&post=1759"}],"curies":[{"name":"wp","href":"https:\/\/api.w.org\/{rel}","templated":true}]}}