{"id":1763,"date":"2021-10-24T13:29:42","date_gmt":"2021-10-24T16:29:42","guid":{"rendered":"https:\/\/silviaoliveira.art.br\/?post_type=product&#038;p=1763"},"modified":"2022-12-08T20:16:44","modified_gmt":"2022-12-08T23:16:44","slug":"mamae-rena-e-sua-filhinha-bailarina","status":"publish","type":"product","link":"https:\/\/silviaoliveira.art.br\/?product=mamae-rena-e-sua-filhinha-bailarina","title":{"rendered":"Mam\u00e3e Rena e sua Filhinha Bailarina"},"content":{"rendered":"","protected":false},"excerpt":{"rendered":"<p>A Mam\u00e3e Rena tem seu corpo todo feita\u00a0 em Uniflok e est\u00e1 com um lindo vestido em Lesi Branco<\/p>\n<p>Sua filhinha Bailarina tamb\u00e9m tem o corpinho em Uniflok e esta com uma saia Tutu em Tuli branco cheio de bolinhas brancas; em seu peito um cora\u00e7\u00e3o em tecido e nos p\u00e9s suas sapatilhas vermelha, o toque final \u00e9 um delicado lacinho xadres em vermelho e branco<\/p>\n<p>Perfeita para enfeitar ou brincar pois al\u00e9m de lindas s\u00e3o muito fofas<\/p>\n<p>Os tecidos podem ter altera\u00e7\u00f5es nos patr\u00f5es e cores, dependendo do estoque do fabricante ou distribuidor mas seguir\u00e1 com o mesmo tom, podendo mudar conforme o pedido.<\/p>\n","protected":false},"featured_media":1767,"comment_status":"closed","ping_status":"closed","template":"","meta":[],"product_cat":[104],"product_tag":[111],"_links":{"self":[{"href":"https:\/\/silviaoliveira.art.br\/index.php?rest_route=\/wp\/v2\/product\/1763"}],"collection":[{"href":"https:\/\/silviaoliveira.art.br\/index.php?rest_route=\/wp\/v2\/product"}],"about":[{"href":"https:\/\/silviaoliveira.art.br\/index.php?rest_route=\/wp\/v2\/types\/product"}],"replies":[{"embeddable":true,"href":"https:\/\/silviaoliveira.art.br\/index.php?rest_route=%2Fwp%2Fv2%2Fcomments&post=1763"}],"wp:featuredmedia":[{"embeddable":true,"href":"https:\/\/silviaoliveira.art.br\/index.php?rest_route=\/wp\/v2\/media\/1767"}],"wp:attachment":[{"href":"https:\/\/silviaoliveira.art.br\/index.php?rest_route=%2Fwp%2Fv2%2Fmedia&parent=1763"}],"wp:term":[{"taxonomy":"product_cat","embeddable":true,"href":"https:\/\/silviaoliveira.art.br\/index.php?rest_route=%2Fwp%2Fv2%2Fproduct_cat&post=1763"},{"taxonomy":"product_tag","embeddable":true,"href":"https:\/\/silviaoliveira.art.br\/index.php?rest_route=%2Fwp%2Fv2%2Fproduct_tag&post=1763"}],"curies":[{"name":"wp","href":"https:\/\/api.w.org\/{rel}","templated":true}]}}