{"id":1805,"date":"2021-12-05T12:01:58","date_gmt":"2021-12-05T15:01:58","guid":{"rendered":"https:\/\/silviaoliveira.art.br\/?post_type=product&#038;p=1805"},"modified":"2022-12-08T20:08:37","modified_gmt":"2022-12-08T23:08:37","slug":"anjinhos-tilda-natalinos","status":"publish","type":"product","link":"https:\/\/silviaoliveira.art.br\/?product=anjinhos-tilda-natalinos","title":{"rendered":"Anjinhos Tilda Natalinos"},"content":{"rendered":"","protected":false},"excerpt":{"rendered":"<p>Dupla de Anjos Tilda Natal, vestidos com lindos pijamas com temas Natalinos e cada um carrega seu travesseiro, medem aproximadamente 35cm.<\/p>\n<p>Os tecidos podem ter altera\u00e7\u00f5es nos patr\u00f5es e cores, dependendo do estoque do fabricante ou distribuidor mas seguir\u00e1 com o mesmo tom, podendo mudar conforme o pedido.<\/p>\n","protected":false},"featured_media":1806,"comment_status":"closed","ping_status":"closed","template":"","meta":[],"product_cat":[104,105],"product_tag":[109],"_links":{"self":[{"href":"https:\/\/silviaoliveira.art.br\/index.php?rest_route=\/wp\/v2\/product\/1805"}],"collection":[{"href":"https:\/\/silviaoliveira.art.br\/index.php?rest_route=\/wp\/v2\/product"}],"about":[{"href":"https:\/\/silviaoliveira.art.br\/index.php?rest_route=\/wp\/v2\/types\/product"}],"replies":[{"embeddable":true,"href":"https:\/\/silviaoliveira.art.br\/index.php?rest_route=%2Fwp%2Fv2%2Fcomments&post=1805"}],"wp:featuredmedia":[{"embeddable":true,"href":"https:\/\/silviaoliveira.art.br\/index.php?rest_route=\/wp\/v2\/media\/1806"}],"wp:attachment":[{"href":"https:\/\/silviaoliveira.art.br\/index.php?rest_route=%2Fwp%2Fv2%2Fmedia&parent=1805"}],"wp:term":[{"taxonomy":"product_cat","embeddable":true,"href":"https:\/\/silviaoliveira.art.br\/index.php?rest_route=%2Fwp%2Fv2%2Fproduct_cat&post=1805"},{"taxonomy":"product_tag","embeddable":true,"href":"https:\/\/silviaoliveira.art.br\/index.php?rest_route=%2Fwp%2Fv2%2Fproduct_tag&post=1805"}],"curies":[{"name":"wp","href":"https:\/\/api.w.org\/{rel}","templated":true}]}}