{"id":1809,"date":"2021-12-05T12:42:34","date_gmt":"2021-12-05T15:42:34","guid":{"rendered":"https:\/\/silviaoliveira.art.br\/?post_type=product&#038;p=1809"},"modified":"2022-12-08T20:16:44","modified_gmt":"2022-12-08T23:16:44","slug":"boneca-manu","status":"publish","type":"product","link":"https:\/\/silviaoliveira.art.br\/?product=boneca-manu","title":{"rendered":"Boneca Manu"},"content":{"rendered":"","protected":false},"excerpt":{"rendered":"<p>Boneca com casaco e Gorro rosa, com o cabelo em l\u00e3, medindo aproximadamente 45cm<\/p>\n<p>Os tecidos podem ter altera\u00e7\u00f5es nos patr\u00f5es e cores, dependendo do estoque do fabricante ou distribuidor mas seguir\u00e1 com o mesmo tom, podendo mudar conforme o pedido.<\/p>\n","protected":false},"featured_media":1811,"comment_status":"closed","ping_status":"closed","template":"","meta":[],"product_cat":[33],"product_tag":[111],"_links":{"self":[{"href":"https:\/\/silviaoliveira.art.br\/index.php?rest_route=\/wp\/v2\/product\/1809"}],"collection":[{"href":"https:\/\/silviaoliveira.art.br\/index.php?rest_route=\/wp\/v2\/product"}],"about":[{"href":"https:\/\/silviaoliveira.art.br\/index.php?rest_route=\/wp\/v2\/types\/product"}],"replies":[{"embeddable":true,"href":"https:\/\/silviaoliveira.art.br\/index.php?rest_route=%2Fwp%2Fv2%2Fcomments&post=1809"}],"wp:featuredmedia":[{"embeddable":true,"href":"https:\/\/silviaoliveira.art.br\/index.php?rest_route=\/wp\/v2\/media\/1811"}],"wp:attachment":[{"href":"https:\/\/silviaoliveira.art.br\/index.php?rest_route=%2Fwp%2Fv2%2Fmedia&parent=1809"}],"wp:term":[{"taxonomy":"product_cat","embeddable":true,"href":"https:\/\/silviaoliveira.art.br\/index.php?rest_route=%2Fwp%2Fv2%2Fproduct_cat&post=1809"},{"taxonomy":"product_tag","embeddable":true,"href":"https:\/\/silviaoliveira.art.br\/index.php?rest_route=%2Fwp%2Fv2%2Fproduct_tag&post=1809"}],"curies":[{"name":"wp","href":"https:\/\/api.w.org\/{rel}","templated":true}]}}