{"id":1813,"date":"2021-12-05T13:06:47","date_gmt":"2021-12-05T16:06:47","guid":{"rendered":"https:\/\/silviaoliveira.art.br\/?post_type=product&#038;p=1813"},"modified":"2021-12-19T10:37:14","modified_gmt":"2021-12-19T13:37:14","slug":"boneca-personalizada-para-brincar","status":"publish","type":"product","link":"https:\/\/silviaoliveira.art.br\/?product=boneca-personalizada-para-brincar","title":{"rendered":"Boneca Personalizada para brincar"},"content":{"rendered":"","protected":false},"excerpt":{"rendered":"<p>A Boneca ser\u00e1 personalizada, farei de acordo com a descri\u00e7ao da crian\u00e7a e com uma roupinha mais proximo possivel que a crian\u00e7a tenha ou ir\u00e1 ganhar.<\/p>\n<p>Imagine dar uma roupinha e junto uma boneca para brincar, vestindo o mesmo estilo, ser\u00e1 um presente bem diferenciado.<\/p>\n<p>Os tecidos podem ter altera\u00e7\u00f5es nos patr\u00f5es e cores, dependendo do estoque do fabricante ou distribuidor mas seguir\u00e1 com o mesmo tom, podendo mudar conforme o pedido.<\/p>\n","protected":false},"featured_media":1815,"comment_status":"closed","ping_status":"closed","template":"","meta":[],"product_cat":[33],"product_tag":[],"_links":{"self":[{"href":"https:\/\/silviaoliveira.art.br\/index.php?rest_route=\/wp\/v2\/product\/1813"}],"collection":[{"href":"https:\/\/silviaoliveira.art.br\/index.php?rest_route=\/wp\/v2\/product"}],"about":[{"href":"https:\/\/silviaoliveira.art.br\/index.php?rest_route=\/wp\/v2\/types\/product"}],"replies":[{"embeddable":true,"href":"https:\/\/silviaoliveira.art.br\/index.php?rest_route=%2Fwp%2Fv2%2Fcomments&post=1813"}],"wp:featuredmedia":[{"embeddable":true,"href":"https:\/\/silviaoliveira.art.br\/index.php?rest_route=\/wp\/v2\/media\/1815"}],"wp:attachment":[{"href":"https:\/\/silviaoliveira.art.br\/index.php?rest_route=%2Fwp%2Fv2%2Fmedia&parent=1813"}],"wp:term":[{"taxonomy":"product_cat","embeddable":true,"href":"https:\/\/silviaoliveira.art.br\/index.php?rest_route=%2Fwp%2Fv2%2Fproduct_cat&post=1813"},{"taxonomy":"product_tag","embeddable":true,"href":"https:\/\/silviaoliveira.art.br\/index.php?rest_route=%2Fwp%2Fv2%2Fproduct_tag&post=1813"}],"curies":[{"name":"wp","href":"https:\/\/api.w.org\/{rel}","templated":true}]}}