{"id":1830,"date":"2021-12-19T11:35:24","date_gmt":"2021-12-19T14:35:24","guid":{"rendered":"https:\/\/silviaoliveira.art.br\/?post_type=product&#038;p=1830"},"modified":"2022-12-08T20:16:44","modified_gmt":"2022-12-08T23:16:44","slug":"tres-reis-magos","status":"publish","type":"product","link":"https:\/\/silviaoliveira.art.br\/?product=tres-reis-magos","title":{"rendered":"Tr\u00eas Reis Magos"},"content":{"rendered":"","protected":false},"excerpt":{"rendered":"<p>&nbsp;<\/p>\n<p>Baltasar, Gaspar e Melquior s\u00e3o os tr\u00eas reis magos, feitos em tecidos em estilo peso de porta, n\u00e3o tem pernas (fundo do corpo com areia de aquario). Exelente para enfeitar uma manjedoura.<\/p>\n<p>Eles tem aproximadamente 35cm de altura<\/p>\n","protected":false},"featured_media":1868,"comment_status":"closed","ping_status":"closed","template":"","meta":[],"product_cat":[104],"product_tag":[111],"_links":{"self":[{"href":"https:\/\/silviaoliveira.art.br\/index.php?rest_route=\/wp\/v2\/product\/1830"}],"collection":[{"href":"https:\/\/silviaoliveira.art.br\/index.php?rest_route=\/wp\/v2\/product"}],"about":[{"href":"https:\/\/silviaoliveira.art.br\/index.php?rest_route=\/wp\/v2\/types\/product"}],"replies":[{"embeddable":true,"href":"https:\/\/silviaoliveira.art.br\/index.php?rest_route=%2Fwp%2Fv2%2Fcomments&post=1830"}],"wp:featuredmedia":[{"embeddable":true,"href":"https:\/\/silviaoliveira.art.br\/index.php?rest_route=\/wp\/v2\/media\/1868"}],"wp:attachment":[{"href":"https:\/\/silviaoliveira.art.br\/index.php?rest_route=%2Fwp%2Fv2%2Fmedia&parent=1830"}],"wp:term":[{"taxonomy":"product_cat","embeddable":true,"href":"https:\/\/silviaoliveira.art.br\/index.php?rest_route=%2Fwp%2Fv2%2Fproduct_cat&post=1830"},{"taxonomy":"product_tag","embeddable":true,"href":"https:\/\/silviaoliveira.art.br\/index.php?rest_route=%2Fwp%2Fv2%2Fproduct_tag&post=1830"}],"curies":[{"name":"wp","href":"https:\/\/api.w.org\/{rel}","templated":true}]}}