{"id":1870,"date":"2022-12-08T19:40:53","date_gmt":"2022-12-08T22:40:53","guid":{"rendered":"https:\/\/silviaoliveira.art.br\/?post_type=product&#038;p=1870"},"modified":"2022-12-08T20:18:30","modified_gmt":"2022-12-08T23:18:30","slug":"guirlanda-urso","status":"publish","type":"product","link":"https:\/\/silviaoliveira.art.br\/?product=guirlanda-urso","title":{"rendered":"Guirlanda Urso"},"content":{"rendered":"","protected":false},"excerpt":{"rendered":"<p>Guirlanda com urso de pel\u00facia baixa vestindo blusa de tric\u00f4 vermelha e pingente de cora\u00e7\u00e3o parteado<\/p>\n","protected":false},"featured_media":1866,"comment_status":"closed","ping_status":"closed","template":"","meta":[],"product_cat":[104],"product_tag":[111,107],"_links":{"self":[{"href":"https:\/\/silviaoliveira.art.br\/index.php?rest_route=\/wp\/v2\/product\/1870"}],"collection":[{"href":"https:\/\/silviaoliveira.art.br\/index.php?rest_route=\/wp\/v2\/product"}],"about":[{"href":"https:\/\/silviaoliveira.art.br\/index.php?rest_route=\/wp\/v2\/types\/product"}],"replies":[{"embeddable":true,"href":"https:\/\/silviaoliveira.art.br\/index.php?rest_route=%2Fwp%2Fv2%2Fcomments&post=1870"}],"wp:featuredmedia":[{"embeddable":true,"href":"https:\/\/silviaoliveira.art.br\/index.php?rest_route=\/wp\/v2\/media\/1866"}],"wp:attachment":[{"href":"https:\/\/silviaoliveira.art.br\/index.php?rest_route=%2Fwp%2Fv2%2Fmedia&parent=1870"}],"wp:term":[{"taxonomy":"product_cat","embeddable":true,"href":"https:\/\/silviaoliveira.art.br\/index.php?rest_route=%2Fwp%2Fv2%2Fproduct_cat&post=1870"},{"taxonomy":"product_tag","embeddable":true,"href":"https:\/\/silviaoliveira.art.br\/index.php?rest_route=%2Fwp%2Fv2%2Fproduct_tag&post=1870"}],"curies":[{"name":"wp","href":"https:\/\/api.w.org\/{rel}","templated":true}]}}