{"id":1873,"date":"2022-12-08T20:04:01","date_gmt":"2022-12-08T23:04:01","guid":{"rendered":"https:\/\/silviaoliveira.art.br\/?post_type=product&#038;p=1873"},"modified":"2022-12-08T20:15:20","modified_gmt":"2022-12-08T23:15:20","slug":"casal-noel-pesinho","status":"publish","type":"product","link":"https:\/\/silviaoliveira.art.br\/?product=casal-noel-pesinho","title":{"rendered":"Casal Noel Pesinho"},"content":{"rendered":"","protected":false},"excerpt":{"rendered":"<p>Peso de porta Papai Noel e Mam\u00e3e Noel em tecido digital, soft<\/p>\n<p>e feltro.<\/p>\n<p>Observa\u00e7\u00e3o: Pre\u00e7o para o par (Papai e Mam\u00e3e). Se tiver interesse em adquirir\u00a0 separadamente por favor envie mensagem para <a href=\"mailto:contato@silviaoliveira.art.br\">contato@silviaoliveira.art.br<\/a> .<\/p>\n<p>Dimens\u00f5es [cm]: 34x38x38<\/p>\n","protected":false},"featured_media":1864,"comment_status":"closed","ping_status":"closed","template":"","meta":[],"product_cat":[104],"product_tag":[110,108],"_links":{"self":[{"href":"https:\/\/silviaoliveira.art.br\/index.php?rest_route=\/wp\/v2\/product\/1873"}],"collection":[{"href":"https:\/\/silviaoliveira.art.br\/index.php?rest_route=\/wp\/v2\/product"}],"about":[{"href":"https:\/\/silviaoliveira.art.br\/index.php?rest_route=\/wp\/v2\/types\/product"}],"replies":[{"embeddable":true,"href":"https:\/\/silviaoliveira.art.br\/index.php?rest_route=%2Fwp%2Fv2%2Fcomments&post=1873"}],"wp:featuredmedia":[{"embeddable":true,"href":"https:\/\/silviaoliveira.art.br\/index.php?rest_route=\/wp\/v2\/media\/1864"}],"wp:attachment":[{"href":"https:\/\/silviaoliveira.art.br\/index.php?rest_route=%2Fwp%2Fv2%2Fmedia&parent=1873"}],"wp:term":[{"taxonomy":"product_cat","embeddable":true,"href":"https:\/\/silviaoliveira.art.br\/index.php?rest_route=%2Fwp%2Fv2%2Fproduct_cat&post=1873"},{"taxonomy":"product_tag","embeddable":true,"href":"https:\/\/silviaoliveira.art.br\/index.php?rest_route=%2Fwp%2Fv2%2Fproduct_tag&post=1873"}],"curies":[{"name":"wp","href":"https:\/\/api.w.org\/{rel}","templated":true}]}}