{"id":832,"date":"2014-08-31T12:19:23","date_gmt":"2014-08-31T15:19:23","guid":{"rendered":"http:\/\/silviaoliveira.art.br\/?post_type=product&#038;p=832"},"modified":"2021-12-19T10:29:05","modified_gmt":"2021-12-19T13:29:05","slug":"tilda-frida-kahlo","status":"publish","type":"product","link":"https:\/\/silviaoliveira.art.br\/?product=tilda-frida-kahlo","title":{"rendered":"Tilda* Frida Kahlo"},"content":{"rendered":"<p><a href=\"https:\/\/silviaoliveira.art.br\/wp\/wp-content\/uploads\/2014\/08\/20140827_silvia-artes.com_.br_0223.jpg\"><img loading=\"lazy\" decoding=\"async\" class=\"alignnone size-medium wp-image-805\" src=\"https:\/\/silviaoliveira.art.br\/wp\/wp-content\/uploads\/2014\/08\/20140827_silvia-artes.com_.br_0223-118x300.jpg\" alt=\"Tilda Frida Kahlo\" width=\"118\" height=\"300\" \/><\/a><\/p>\n","protected":false},"excerpt":{"rendered":"<p><span style=\"color: #766f76; font-family: Karla, sans-serif; font-size: 14px; font-style: normal; font-variant: normal; font-weight: normal; letter-spacing: normal; line-height: 22.6520004272461px; orphans: 3; text-align: start; text-indent: 0px; text-transform: none; white-space: normal; widows: 3; word-spacing: 0px; -webkit-text-stroke-width: 0px; display: inline !important; float: none; background-color: #ffffff;\">Toda elaborada em tecido buscando os tra\u00e7os fortes de Firda Kahlo adaptados para o estilo Tilda*.<\/span><\/p>\n<p><span style=\"color: #766f76; font-family: Karla, sans-serif; font-size: 14px; font-style: normal; font-variant: normal; font-weight: normal; letter-spacing: normal; line-height: 22.6520004272461px; orphans: 3; text-align: start; text-indent: 0px; text-transform: none; white-space: normal; widows: 3; word-spacing: 0px; -webkit-text-stroke-width: 0px; display: inline !important; float: none; background-color: #ffffff;\">Dimens\u00f5es aproximadas em cm (ALP): 50 x 22 x 12<\/span><\/p>\n<p>Produto sob encomenda.<\/p>\n<p>Prazo de entrega 15 dias.<\/p>\n<p>Observa\u00e7\u00e3o importante: o produto n\u00e3o acompanha o pedestal em madeira.<\/p>\n<p>&nbsp;<\/p>\n","protected":false},"featured_media":806,"comment_status":"open","ping_status":"closed","template":"","meta":[],"product_cat":[33],"product_tag":[],"_links":{"self":[{"href":"https:\/\/silviaoliveira.art.br\/index.php?rest_route=\/wp\/v2\/product\/832"}],"collection":[{"href":"https:\/\/silviaoliveira.art.br\/index.php?rest_route=\/wp\/v2\/product"}],"about":[{"href":"https:\/\/silviaoliveira.art.br\/index.php?rest_route=\/wp\/v2\/types\/product"}],"replies":[{"embeddable":true,"href":"https:\/\/silviaoliveira.art.br\/index.php?rest_route=%2Fwp%2Fv2%2Fcomments&post=832"}],"wp:featuredmedia":[{"embeddable":true,"href":"https:\/\/silviaoliveira.art.br\/index.php?rest_route=\/wp\/v2\/media\/806"}],"wp:attachment":[{"href":"https:\/\/silviaoliveira.art.br\/index.php?rest_route=%2Fwp%2Fv2%2Fmedia&parent=832"}],"wp:term":[{"taxonomy":"product_cat","embeddable":true,"href":"https:\/\/silviaoliveira.art.br\/index.php?rest_route=%2Fwp%2Fv2%2Fproduct_cat&post=832"},{"taxonomy":"product_tag","embeddable":true,"href":"https:\/\/silviaoliveira.art.br\/index.php?rest_route=%2Fwp%2Fv2%2Fproduct_tag&post=832"}],"curies":[{"name":"wp","href":"https:\/\/api.w.org\/{rel}","templated":true}]}}